{"id":202,"date":"2020-12-02T11:30:39","date_gmt":"2020-12-02T10:30:39","guid":{"rendered":"http:\/\/www.lomopress.dexanet.biz\/?page_id=202"},"modified":"2022-05-18T08:42:29","modified_gmt":"2022-05-18T06:42:29","slug":"about","status":"publish","type":"page","link":"https:\/\/www.lomopress.com\/de\/company\/about\/","title":{"rendered":"\u00dcber uns"},"content":{"rendered":"<p>Im Lauf der Jahre haben wir bewiesen, dass wir uns nicht nur an die Ver\u00e4nderungen der M\u00e4rkte anpassen k\u00f6nnen, sondern dass wir auch die <strong>Weitsicht<\/strong> besitzen, in die Zukunft zu investieren, um auf zuk\u00fcnftige Anforderungen reagieren zu k\u00f6nnen. Dies hat ein Gef\u00fchl des <strong>Vertrauens<\/strong> und der Sicherheit aufgebaut, das unsere Stammkunden an Lomopress bindet und das immer neue Kunden anzieht.<\/p>\n<p>Wir haben mehr als 30 Jahre <strong>Erfahrung<\/strong> auf dem Gebiet des <strong>Druckgusses<\/strong> und der weiterf\u00fchrenden Bearbeitungsschritte. Zusammen mit der Technologie und dem Unternehmungsgeist, die uns schon immer charakterisiert haben, ist es uns gelungen als einer der italienischen Top Player bekannt zu werden, sogar im Ausland.<\/p>\n","protected":false},"excerpt":{"rendered":"<p>Im Lauf der Jahre haben wir bewiesen, dass wir uns nicht nur an die Ver\u00e4nderungen der M\u00e4rkte anpassen k\u00f6nnen, sondern dass wir auch die Weitsicht besitzen, in die Zukunft zu investieren, um auf zuk\u00fcnftige Anforderungen reagieren zu k\u00f6nnen. Dies hat ein Gef\u00fchl des Vertrauens und der Sicherheit aufgebaut, das unsere Stammkunden an Lomopress bindet und &hellip; <a href=\"https:\/\/www.lomopress.com\/de\/company\/about\/\">Continued<\/a><\/p>\n","protected":false},"author":1,"featured_media":0,"parent":329,"menu_order":0,"comment_status":"closed","ping_status":"closed","template":"template-about.php","meta":{"_acf_changed":false,"inline_featured_image":false,"footnotes":""},"class_list":["post-202","page","type-page","status-publish","hentry"],"acf":[],"yoast_head":"<!-- This site is optimized with the Yoast SEO plugin v27.4 - https:\/\/yoast.com\/product\/yoast-seo-wordpress\/ -->\n<title>Lomopress | Unsere Geschichte<\/title>\n<meta name=\"description\" content=\"Unsere mehr als 30-j\u00e4hrige Erfahrung auf dem Gebiet des Druckgusses und der damit verbundenen Verarbeitung, zusammen mit Technologie und Initiative, hat uns zu einem der f\u00fchrenden italienischen Unternehmen werden lassen.\" \/>\n<meta name=\"robots\" content=\"index, follow, max-snippet:-1, max-image-preview:large, max-video-preview:-1\" \/>\n<link rel=\"canonical\" href=\"https:\/\/www.lomopress.com\/de\/company\/about\/\" \/>\n<meta property=\"og:locale\" content=\"de_DE\" \/>\n<meta property=\"og:type\" content=\"article\" \/>\n<meta property=\"og:title\" content=\"Lomopress | Unsere Geschichte\" \/>\n<meta property=\"og:description\" content=\"Unsere mehr als 30-j\u00e4hrige Erfahrung auf dem Gebiet des Druckgusses und der damit verbundenen Verarbeitung, zusammen mit Technologie und Initiative, hat uns zu einem der f\u00fchrenden italienischen Unternehmen werden lassen.\" \/>\n<meta property=\"og:url\" content=\"https:\/\/www.lomopress.com\/de\/company\/about\/\" \/>\n<meta property=\"og:site_name\" content=\"Lomopress DE\" \/>\n<meta property=\"article:modified_time\" content=\"2022-05-18T06:42:29+00:00\" \/>\n<meta name=\"twitter:card\" content=\"summary_large_image\" \/>\n<meta name=\"twitter:label1\" content=\"Gesch\u00e4tzte Lesezeit\" \/>\n\t<meta name=\"twitter:data1\" content=\"1\u00a0Minute\" \/>\n<script type=\"application\/ld+json\" class=\"yoast-schema-graph\">{\"@context\":\"https:\\\/\\\/schema.org\",\"@graph\":[{\"@type\":\"WebPage\",\"@id\":\"https:\\\/\\\/www.lomopress.com\\\/de\\\/company\\\/about\\\/\",\"url\":\"https:\\\/\\\/www.lomopress.com\\\/de\\\/company\\\/about\\\/\",\"name\":\"Lomopress | Unsere Geschichte\",\"isPartOf\":{\"@id\":\"http:\\\/\\\/www.lomopress.com\\\/de\\\/#website\"},\"datePublished\":\"2020-12-02T10:30:39+00:00\",\"dateModified\":\"2022-05-18T06:42:29+00:00\",\"description\":\"Unsere mehr als 30-j\u00e4hrige Erfahrung auf dem Gebiet des Druckgusses und der damit verbundenen Verarbeitung, zusammen mit Technologie und Initiative, hat uns zu einem der f\u00fchrenden italienischen Unternehmen werden lassen.\",\"breadcrumb\":{\"@id\":\"https:\\\/\\\/www.lomopress.com\\\/de\\\/company\\\/about\\\/#breadcrumb\"},\"inLanguage\":\"de\",\"potentialAction\":[{\"@type\":\"ReadAction\",\"target\":[\"https:\\\/\\\/www.lomopress.com\\\/de\\\/company\\\/about\\\/\"]}]},{\"@type\":\"BreadcrumbList\",\"@id\":\"https:\\\/\\\/www.lomopress.com\\\/de\\\/company\\\/about\\\/#breadcrumb\",\"itemListElement\":[{\"@type\":\"ListItem\",\"position\":1,\"name\":\"Home\",\"item\":\"https:\\\/\\\/www.lomopress.com\\\/de\\\/\"},{\"@type\":\"ListItem\",\"position\":2,\"name\":\"Company\",\"item\":\"https:\\\/\\\/www.lomopress.com\\\/de\\\/company\\\/\"},{\"@type\":\"ListItem\",\"position\":3,\"name\":\"\u00dcber uns\"}]},{\"@type\":\"WebSite\",\"@id\":\"http:\\\/\\\/www.lomopress.com\\\/de\\\/#website\",\"url\":\"http:\\\/\\\/www.lomopress.com\\\/de\\\/\",\"name\":\"Lomopress DE\",\"description\":\"Un nuovo sito targato WordPress\",\"potentialAction\":[{\"@type\":\"SearchAction\",\"target\":{\"@type\":\"EntryPoint\",\"urlTemplate\":\"http:\\\/\\\/www.lomopress.com\\\/de\\\/?s={search_term_string}\"},\"query-input\":{\"@type\":\"PropertyValueSpecification\",\"valueRequired\":true,\"valueName\":\"search_term_string\"}}],\"inLanguage\":\"de\"}]}<\/script>\n<!-- \/ Yoast SEO plugin. -->","yoast_head_json":{"title":"Lomopress | Unsere Geschichte","description":"Unsere mehr als 30-j\u00e4hrige Erfahrung auf dem Gebiet des Druckgusses und der damit verbundenen Verarbeitung, zusammen mit Technologie und Initiative, hat uns zu einem der f\u00fchrenden italienischen Unternehmen werden lassen.","robots":{"index":"index","follow":"follow","max-snippet":"max-snippet:-1","max-image-preview":"max-image-preview:large","max-video-preview":"max-video-preview:-1"},"canonical":"https:\/\/www.lomopress.com\/de\/company\/about\/","og_locale":"de_DE","og_type":"article","og_title":"Lomopress | Unsere Geschichte","og_description":"Unsere mehr als 30-j\u00e4hrige Erfahrung auf dem Gebiet des Druckgusses und der damit verbundenen Verarbeitung, zusammen mit Technologie und Initiative, hat uns zu einem der f\u00fchrenden italienischen Unternehmen werden lassen.","og_url":"https:\/\/www.lomopress.com\/de\/company\/about\/","og_site_name":"Lomopress DE","article_modified_time":"2022-05-18T06:42:29+00:00","twitter_card":"summary_large_image","twitter_misc":{"Gesch\u00e4tzte Lesezeit":"1\u00a0Minute"},"schema":{"@context":"https:\/\/schema.org","@graph":[{"@type":"WebPage","@id":"https:\/\/www.lomopress.com\/de\/company\/about\/","url":"https:\/\/www.lomopress.com\/de\/company\/about\/","name":"Lomopress | Unsere Geschichte","isPartOf":{"@id":"http:\/\/www.lomopress.com\/de\/#website"},"datePublished":"2020-12-02T10:30:39+00:00","dateModified":"2022-05-18T06:42:29+00:00","description":"Unsere mehr als 30-j\u00e4hrige Erfahrung auf dem Gebiet des Druckgusses und der damit verbundenen Verarbeitung, zusammen mit Technologie und Initiative, hat uns zu einem der f\u00fchrenden italienischen Unternehmen werden lassen.","breadcrumb":{"@id":"https:\/\/www.lomopress.com\/de\/company\/about\/#breadcrumb"},"inLanguage":"de","potentialAction":[{"@type":"ReadAction","target":["https:\/\/www.lomopress.com\/de\/company\/about\/"]}]},{"@type":"BreadcrumbList","@id":"https:\/\/www.lomopress.com\/de\/company\/about\/#breadcrumb","itemListElement":[{"@type":"ListItem","position":1,"name":"Home","item":"https:\/\/www.lomopress.com\/de\/"},{"@type":"ListItem","position":2,"name":"Company","item":"https:\/\/www.lomopress.com\/de\/company\/"},{"@type":"ListItem","position":3,"name":"\u00dcber uns"}]},{"@type":"WebSite","@id":"http:\/\/www.lomopress.com\/de\/#website","url":"http:\/\/www.lomopress.com\/de\/","name":"Lomopress DE","description":"Un nuovo sito targato WordPress","potentialAction":[{"@type":"SearchAction","target":{"@type":"EntryPoint","urlTemplate":"http:\/\/www.lomopress.com\/de\/?s={search_term_string}"},"query-input":{"@type":"PropertyValueSpecification","valueRequired":true,"valueName":"search_term_string"}}],"inLanguage":"de"}]}},"_links":{"self":[{"href":"https:\/\/www.lomopress.com\/de\/wp-json\/wp\/v2\/pages\/202","targetHints":{"allow":["GET"]}}],"collection":[{"href":"https:\/\/www.lomopress.com\/de\/wp-json\/wp\/v2\/pages"}],"about":[{"href":"https:\/\/www.lomopress.com\/de\/wp-json\/wp\/v2\/types\/page"}],"author":[{"embeddable":true,"href":"https:\/\/www.lomopress.com\/de\/wp-json\/wp\/v2\/users\/1"}],"replies":[{"embeddable":true,"href":"https:\/\/www.lomopress.com\/de\/wp-json\/wp\/v2\/comments?post=202"}],"version-history":[{"count":25,"href":"https:\/\/www.lomopress.com\/de\/wp-json\/wp\/v2\/pages\/202\/revisions"}],"predecessor-version":[{"id":1187,"href":"https:\/\/www.lomopress.com\/de\/wp-json\/wp\/v2\/pages\/202\/revisions\/1187"}],"up":[{"embeddable":true,"href":"https:\/\/www.lomopress.com\/de\/wp-json\/wp\/v2\/pages\/329"}],"wp:attachment":[{"href":"https:\/\/www.lomopress.com\/de\/wp-json\/wp\/v2\/media?parent=202"}],"curies":[{"name":"wp","href":"https:\/\/api.w.org\/{rel}","templated":true}]}}