{"id":329,"date":"2020-12-07T09:29:32","date_gmt":"2020-12-07T08:29:32","guid":{"rendered":"http:\/\/www.lomopress.dexanet.biz\/?page_id=329"},"modified":"2024-01-17T10:10:42","modified_gmt":"2024-01-17T09:10:42","slug":"company","status":"publish","type":"page","link":"https:\/\/www.lomopress.com\/de\/company\/","title":{"rendered":"Company"},"content":{"rendered":"<p><strong>Lomopress<\/strong> wurde zu Beginn der 90er Jahre gegr\u00fcndet und hat seitdem eine konstante Entwicklung durchlaufen. Dies war nur durch eine Strategie von st\u00e4ndigen, gro\u00dfen Investitionen in Technologie, Automatisation und Mitarbeiterentwicklung m\u00f6glich. Heute ist sie eine der bekanntesten und technologisch fortschrittlichsten Unternehmen im Sektor der <strong>Lieferanten f\u00fcr Komponenten aus Aluminiumdruckgu\u00dfteilen<\/strong>.<\/p>\n<p>Lomopress ist vertikal strukturiert und hat auch Funktionen wie Forschung und Entwicklung in den Abteilungen Druckguss, Endbearbeitung und mechanische Bearbeitung. Unsere wichtigsten Referenzm\u00e4rkte sind Automobilbau, Beleuchtung, Elektronik und der Sektor der erneuerbaren Energien. Wir arbeiten f\u00fcr eine umweltfreundlichere Welt, an das wir uns, als ein flexibles robustes organisches System, anpassen.<\/p>\n","protected":false},"excerpt":{"rendered":"<p>Lomopress wurde zu Beginn der 90er Jahre gegr\u00fcndet und hat seitdem eine konstante Entwicklung durchlaufen. Dies war nur durch eine Strategie von st\u00e4ndigen, gro\u00dfen Investitionen in Technologie, Automatisation und Mitarbeiterentwicklung m\u00f6glich. Heute ist sie eine der bekanntesten und technologisch fortschrittlichsten Unternehmen im Sektor der Lieferanten f\u00fcr Komponenten aus Aluminiumdruckgu\u00dfteilen. Lomopress ist vertikal strukturiert und hat &hellip; <a href=\"https:\/\/www.lomopress.com\/de\/company\/\">Continued<\/a><\/p>\n","protected":false},"author":1,"featured_media":0,"parent":0,"menu_order":0,"comment_status":"closed","ping_status":"closed","template":"template-company.php","meta":{"_acf_changed":false,"inline_featured_image":false,"footnotes":""},"class_list":["post-329","page","type-page","status-publish","hentry"],"acf":[],"yoast_head":"<!-- This site is optimized with the Yoast SEO plugin v27.4 - https:\/\/yoast.com\/product\/yoast-seo-wordpress\/ -->\n<title>Company | Supply of Die-cast Aluminium Components | Lomopress<\/title>\n<meta name=\"description\" content=\"Lomopress is one of the most advanced and recognized companies in the field of supplying components in light aluminum alloys.\" \/>\n<meta name=\"robots\" content=\"index, follow, max-snippet:-1, max-image-preview:large, max-video-preview:-1\" \/>\n<link rel=\"canonical\" href=\"https:\/\/www.lomopress.com\/de\/company\/\" \/>\n<meta property=\"og:locale\" content=\"de_DE\" \/>\n<meta property=\"og:type\" content=\"article\" \/>\n<meta property=\"og:title\" content=\"Company | Supply of Die-cast Aluminium Components | Lomopress\" \/>\n<meta property=\"og:description\" content=\"Lomopress is one of the most advanced and recognized companies in the field of supplying components in light aluminum alloys.\" \/>\n<meta property=\"og:url\" content=\"https:\/\/www.lomopress.com\/de\/company\/\" \/>\n<meta property=\"og:site_name\" content=\"Lomopress DE\" \/>\n<meta property=\"article:modified_time\" content=\"2024-01-17T09:10:42+00:00\" \/>\n<meta name=\"twitter:card\" content=\"summary_large_image\" \/>\n<meta name=\"twitter:label1\" content=\"Gesch\u00e4tzte Lesezeit\" \/>\n\t<meta name=\"twitter:data1\" content=\"1\u00a0Minute\" \/>\n<script type=\"application\/ld+json\" class=\"yoast-schema-graph\">{\"@context\":\"https:\\\/\\\/schema.org\",\"@graph\":[{\"@type\":\"WebPage\",\"@id\":\"https:\\\/\\\/www.lomopress.com\\\/de\\\/company\\\/\",\"url\":\"https:\\\/\\\/www.lomopress.com\\\/de\\\/company\\\/\",\"name\":\"Company | Supply of Die-cast Aluminium Components | Lomopress\",\"isPartOf\":{\"@id\":\"http:\\\/\\\/www.lomopress.com\\\/de\\\/#website\"},\"datePublished\":\"2020-12-07T08:29:32+00:00\",\"dateModified\":\"2024-01-17T09:10:42+00:00\",\"description\":\"Lomopress is one of the most advanced and recognized companies in the field of supplying components in light aluminum alloys.\",\"breadcrumb\":{\"@id\":\"https:\\\/\\\/www.lomopress.com\\\/de\\\/company\\\/#breadcrumb\"},\"inLanguage\":\"de\",\"potentialAction\":[{\"@type\":\"ReadAction\",\"target\":[\"https:\\\/\\\/www.lomopress.com\\\/de\\\/company\\\/\"]}]},{\"@type\":\"BreadcrumbList\",\"@id\":\"https:\\\/\\\/www.lomopress.com\\\/de\\\/company\\\/#breadcrumb\",\"itemListElement\":[{\"@type\":\"ListItem\",\"position\":1,\"name\":\"Home\",\"item\":\"https:\\\/\\\/www.lomopress.com\\\/de\\\/\"},{\"@type\":\"ListItem\",\"position\":2,\"name\":\"Company\"}]},{\"@type\":\"WebSite\",\"@id\":\"http:\\\/\\\/www.lomopress.com\\\/de\\\/#website\",\"url\":\"http:\\\/\\\/www.lomopress.com\\\/de\\\/\",\"name\":\"Lomopress DE\",\"description\":\"Un nuovo sito targato WordPress\",\"potentialAction\":[{\"@type\":\"SearchAction\",\"target\":{\"@type\":\"EntryPoint\",\"urlTemplate\":\"http:\\\/\\\/www.lomopress.com\\\/de\\\/?s={search_term_string}\"},\"query-input\":{\"@type\":\"PropertyValueSpecification\",\"valueRequired\":true,\"valueName\":\"search_term_string\"}}],\"inLanguage\":\"de\"}]}<\/script>\n<!-- \/ Yoast SEO plugin. -->","yoast_head_json":{"title":"Company | Supply of Die-cast Aluminium Components | Lomopress","description":"Lomopress is one of the most advanced and recognized companies in the field of supplying components in light aluminum alloys.","robots":{"index":"index","follow":"follow","max-snippet":"max-snippet:-1","max-image-preview":"max-image-preview:large","max-video-preview":"max-video-preview:-1"},"canonical":"https:\/\/www.lomopress.com\/de\/company\/","og_locale":"de_DE","og_type":"article","og_title":"Company | Supply of Die-cast Aluminium Components | Lomopress","og_description":"Lomopress is one of the most advanced and recognized companies in the field of supplying components in light aluminum alloys.","og_url":"https:\/\/www.lomopress.com\/de\/company\/","og_site_name":"Lomopress DE","article_modified_time":"2024-01-17T09:10:42+00:00","twitter_card":"summary_large_image","twitter_misc":{"Gesch\u00e4tzte Lesezeit":"1\u00a0Minute"},"schema":{"@context":"https:\/\/schema.org","@graph":[{"@type":"WebPage","@id":"https:\/\/www.lomopress.com\/de\/company\/","url":"https:\/\/www.lomopress.com\/de\/company\/","name":"Company | Supply of Die-cast Aluminium Components | Lomopress","isPartOf":{"@id":"http:\/\/www.lomopress.com\/de\/#website"},"datePublished":"2020-12-07T08:29:32+00:00","dateModified":"2024-01-17T09:10:42+00:00","description":"Lomopress is one of the most advanced and recognized companies in the field of supplying components in light aluminum alloys.","breadcrumb":{"@id":"https:\/\/www.lomopress.com\/de\/company\/#breadcrumb"},"inLanguage":"de","potentialAction":[{"@type":"ReadAction","target":["https:\/\/www.lomopress.com\/de\/company\/"]}]},{"@type":"BreadcrumbList","@id":"https:\/\/www.lomopress.com\/de\/company\/#breadcrumb","itemListElement":[{"@type":"ListItem","position":1,"name":"Home","item":"https:\/\/www.lomopress.com\/de\/"},{"@type":"ListItem","position":2,"name":"Company"}]},{"@type":"WebSite","@id":"http:\/\/www.lomopress.com\/de\/#website","url":"http:\/\/www.lomopress.com\/de\/","name":"Lomopress DE","description":"Un nuovo sito targato WordPress","potentialAction":[{"@type":"SearchAction","target":{"@type":"EntryPoint","urlTemplate":"http:\/\/www.lomopress.com\/de\/?s={search_term_string}"},"query-input":{"@type":"PropertyValueSpecification","valueRequired":true,"valueName":"search_term_string"}}],"inLanguage":"de"}]}},"_links":{"self":[{"href":"https:\/\/www.lomopress.com\/de\/wp-json\/wp\/v2\/pages\/329","targetHints":{"allow":["GET"]}}],"collection":[{"href":"https:\/\/www.lomopress.com\/de\/wp-json\/wp\/v2\/pages"}],"about":[{"href":"https:\/\/www.lomopress.com\/de\/wp-json\/wp\/v2\/types\/page"}],"author":[{"embeddable":true,"href":"https:\/\/www.lomopress.com\/de\/wp-json\/wp\/v2\/users\/1"}],"replies":[{"embeddable":true,"href":"https:\/\/www.lomopress.com\/de\/wp-json\/wp\/v2\/comments?post=329"}],"version-history":[{"count":16,"href":"https:\/\/www.lomopress.com\/de\/wp-json\/wp\/v2\/pages\/329\/revisions"}],"predecessor-version":[{"id":1229,"href":"https:\/\/www.lomopress.com\/de\/wp-json\/wp\/v2\/pages\/329\/revisions\/1229"}],"wp:attachment":[{"href":"https:\/\/www.lomopress.com\/de\/wp-json\/wp\/v2\/media?parent=329"}],"curies":[{"name":"wp","href":"https:\/\/api.w.org\/{rel}","templated":true}]}}