{"id":439,"date":"2021-02-08T09:40:14","date_gmt":"2021-02-08T08:40:14","guid":{"rendered":"http:\/\/www.lomopress.local\/?page_id=439"},"modified":"2026-04-27T08:34:17","modified_gmt":"2026-04-27T06:34:17","slug":"quality","status":"publish","type":"page","link":"https:\/\/www.lomopress.com\/de\/quality\/","title":{"rendered":"Qualit\u00e4t"},"content":{"rendered":"<p>F\u00fcr Lomopress ist Qualit\u00e4t nicht eine Aufgabe, sondern die Basis unserer Prozesskette. Das Qualit\u00e4tskonzept umfasst Rohstoffe, Prozesse, Produktionsanlagen, R\u00fccksicht auf die Umwelt und den Energieverbrauch und nicht zuletzt auch die professionelle Entwicklung des Teams. Jeder Aspekt des Firmenlebens und der Produktion tragen zu gleichen Teilen zur Gestaltung unserer Vorstellung von Qualit\u00e4t bei. Deshalb k\u00fcmmern wir uns sowohl um die Produktion als auch um ein anregendes Umfeld f\u00fcr eine bessere Qualit\u00e4t der Produkte und der Arbeit.<\/p>\n","protected":false},"excerpt":{"rendered":"<p>F\u00fcr Lomopress ist Qualit\u00e4t nicht eine Aufgabe, sondern die Basis unserer Prozesskette. Das Qualit\u00e4tskonzept umfasst Rohstoffe, Prozesse, Produktionsanlagen, R\u00fccksicht auf die Umwelt und den Energieverbrauch und nicht zuletzt auch die professionelle Entwicklung des Teams. Jeder Aspekt des Firmenlebens und der Produktion tragen zu gleichen Teilen zur Gestaltung unserer Vorstellung von Qualit\u00e4t bei. Deshalb k\u00fcmmern wir &hellip; <a href=\"https:\/\/www.lomopress.com\/de\/quality\/\">Continued<\/a><\/p>\n","protected":false},"author":1,"featured_media":0,"parent":0,"menu_order":0,"comment_status":"closed","ping_status":"closed","template":"template-quality.php","meta":{"_acf_changed":false,"inline_featured_image":false,"footnotes":""},"class_list":["post-439","page","type-page","status-publish","hentry"],"acf":[],"yoast_head":"<!-- This site is optimized with the Yoast SEO plugin v27.4 - https:\/\/yoast.com\/product\/yoast-seo-wordpress\/ -->\n<title>Die Qualit\u00e4t von Produkten und Prozessen steht immer im Vondergrund | Lomopress<\/title>\n<meta name=\"description\" content=\"Die hervorragende Qualit\u00e4t der Lomopress-Produkte und -Prozesse hat das Unternehmen unter die wichtigsten internationalen Akteure gebracht.\" \/>\n<meta name=\"robots\" content=\"index, follow, max-snippet:-1, max-image-preview:large, max-video-preview:-1\" \/>\n<link rel=\"canonical\" href=\"https:\/\/www.lomopress.com\/de\/quality\/\" \/>\n<meta property=\"og:locale\" content=\"de_DE\" \/>\n<meta property=\"og:type\" content=\"article\" \/>\n<meta property=\"og:title\" content=\"Die Qualit\u00e4t von Produkten und Prozessen steht immer im Vondergrund | Lomopress\" \/>\n<meta property=\"og:description\" content=\"Die hervorragende Qualit\u00e4t der Lomopress-Produkte und -Prozesse hat das Unternehmen unter die wichtigsten internationalen Akteure gebracht.\" \/>\n<meta property=\"og:url\" content=\"https:\/\/www.lomopress.com\/de\/quality\/\" \/>\n<meta property=\"og:site_name\" content=\"Lomopress DE\" \/>\n<meta property=\"article:modified_time\" content=\"2026-04-27T06:34:17+00:00\" \/>\n<meta name=\"twitter:card\" content=\"summary_large_image\" \/>\n<meta name=\"twitter:label1\" content=\"Gesch\u00e4tzte Lesezeit\" \/>\n\t<meta name=\"twitter:data1\" content=\"1\u00a0Minute\" \/>\n<script type=\"application\/ld+json\" class=\"yoast-schema-graph\">{\"@context\":\"https:\\\/\\\/schema.org\",\"@graph\":[{\"@type\":\"WebPage\",\"@id\":\"https:\\\/\\\/www.lomopress.com\\\/de\\\/quality\\\/\",\"url\":\"https:\\\/\\\/www.lomopress.com\\\/de\\\/quality\\\/\",\"name\":\"Die Qualit\u00e4t von Produkten und Prozessen steht immer im Vondergrund | Lomopress\",\"isPartOf\":{\"@id\":\"http:\\\/\\\/www.lomopress.com\\\/de\\\/#website\"},\"datePublished\":\"2021-02-08T08:40:14+00:00\",\"dateModified\":\"2026-04-27T06:34:17+00:00\",\"description\":\"Die hervorragende Qualit\u00e4t der Lomopress-Produkte und -Prozesse hat das Unternehmen unter die wichtigsten internationalen Akteure gebracht.\",\"breadcrumb\":{\"@id\":\"https:\\\/\\\/www.lomopress.com\\\/de\\\/quality\\\/#breadcrumb\"},\"inLanguage\":\"de\",\"potentialAction\":[{\"@type\":\"ReadAction\",\"target\":[\"https:\\\/\\\/www.lomopress.com\\\/de\\\/quality\\\/\"]}]},{\"@type\":\"BreadcrumbList\",\"@id\":\"https:\\\/\\\/www.lomopress.com\\\/de\\\/quality\\\/#breadcrumb\",\"itemListElement\":[{\"@type\":\"ListItem\",\"position\":1,\"name\":\"Home\",\"item\":\"https:\\\/\\\/www.lomopress.com\\\/de\\\/\"},{\"@type\":\"ListItem\",\"position\":2,\"name\":\"Qualit\u00e4t\"}]},{\"@type\":\"WebSite\",\"@id\":\"http:\\\/\\\/www.lomopress.com\\\/de\\\/#website\",\"url\":\"http:\\\/\\\/www.lomopress.com\\\/de\\\/\",\"name\":\"Lomopress DE\",\"description\":\"Un nuovo sito targato WordPress\",\"potentialAction\":[{\"@type\":\"SearchAction\",\"target\":{\"@type\":\"EntryPoint\",\"urlTemplate\":\"http:\\\/\\\/www.lomopress.com\\\/de\\\/?s={search_term_string}\"},\"query-input\":{\"@type\":\"PropertyValueSpecification\",\"valueRequired\":true,\"valueName\":\"search_term_string\"}}],\"inLanguage\":\"de\"}]}<\/script>\n<!-- \/ Yoast SEO plugin. -->","yoast_head_json":{"title":"Die Qualit\u00e4t von Produkten und Prozessen steht immer im Vondergrund | Lomopress","description":"Die hervorragende Qualit\u00e4t der Lomopress-Produkte und -Prozesse hat das Unternehmen unter die wichtigsten internationalen Akteure gebracht.","robots":{"index":"index","follow":"follow","max-snippet":"max-snippet:-1","max-image-preview":"max-image-preview:large","max-video-preview":"max-video-preview:-1"},"canonical":"https:\/\/www.lomopress.com\/de\/quality\/","og_locale":"de_DE","og_type":"article","og_title":"Die Qualit\u00e4t von Produkten und Prozessen steht immer im Vondergrund | Lomopress","og_description":"Die hervorragende Qualit\u00e4t der Lomopress-Produkte und -Prozesse hat das Unternehmen unter die wichtigsten internationalen Akteure gebracht.","og_url":"https:\/\/www.lomopress.com\/de\/quality\/","og_site_name":"Lomopress DE","article_modified_time":"2026-04-27T06:34:17+00:00","twitter_card":"summary_large_image","twitter_misc":{"Gesch\u00e4tzte Lesezeit":"1\u00a0Minute"},"schema":{"@context":"https:\/\/schema.org","@graph":[{"@type":"WebPage","@id":"https:\/\/www.lomopress.com\/de\/quality\/","url":"https:\/\/www.lomopress.com\/de\/quality\/","name":"Die Qualit\u00e4t von Produkten und Prozessen steht immer im Vondergrund | Lomopress","isPartOf":{"@id":"http:\/\/www.lomopress.com\/de\/#website"},"datePublished":"2021-02-08T08:40:14+00:00","dateModified":"2026-04-27T06:34:17+00:00","description":"Die hervorragende Qualit\u00e4t der Lomopress-Produkte und -Prozesse hat das Unternehmen unter die wichtigsten internationalen Akteure gebracht.","breadcrumb":{"@id":"https:\/\/www.lomopress.com\/de\/quality\/#breadcrumb"},"inLanguage":"de","potentialAction":[{"@type":"ReadAction","target":["https:\/\/www.lomopress.com\/de\/quality\/"]}]},{"@type":"BreadcrumbList","@id":"https:\/\/www.lomopress.com\/de\/quality\/#breadcrumb","itemListElement":[{"@type":"ListItem","position":1,"name":"Home","item":"https:\/\/www.lomopress.com\/de\/"},{"@type":"ListItem","position":2,"name":"Qualit\u00e4t"}]},{"@type":"WebSite","@id":"http:\/\/www.lomopress.com\/de\/#website","url":"http:\/\/www.lomopress.com\/de\/","name":"Lomopress DE","description":"Un nuovo sito targato WordPress","potentialAction":[{"@type":"SearchAction","target":{"@type":"EntryPoint","urlTemplate":"http:\/\/www.lomopress.com\/de\/?s={search_term_string}"},"query-input":{"@type":"PropertyValueSpecification","valueRequired":true,"valueName":"search_term_string"}}],"inLanguage":"de"}]}},"_links":{"self":[{"href":"https:\/\/www.lomopress.com\/de\/wp-json\/wp\/v2\/pages\/439","targetHints":{"allow":["GET"]}}],"collection":[{"href":"https:\/\/www.lomopress.com\/de\/wp-json\/wp\/v2\/pages"}],"about":[{"href":"https:\/\/www.lomopress.com\/de\/wp-json\/wp\/v2\/types\/page"}],"author":[{"embeddable":true,"href":"https:\/\/www.lomopress.com\/de\/wp-json\/wp\/v2\/users\/1"}],"replies":[{"embeddable":true,"href":"https:\/\/www.lomopress.com\/de\/wp-json\/wp\/v2\/comments?post=439"}],"version-history":[{"count":46,"href":"https:\/\/www.lomopress.com\/de\/wp-json\/wp\/v2\/pages\/439\/revisions"}],"predecessor-version":[{"id":1466,"href":"https:\/\/www.lomopress.com\/de\/wp-json\/wp\/v2\/pages\/439\/revisions\/1466"}],"wp:attachment":[{"href":"https:\/\/www.lomopress.com\/de\/wp-json\/wp\/v2\/media?parent=439"}],"curies":[{"name":"wp","href":"https:\/\/api.w.org\/{rel}","templated":true}]}}