{"id":556,"date":"2021-02-10T11:42:27","date_gmt":"2021-02-10T10:42:27","guid":{"rendered":"http:\/\/www.lomopress.local\/?page_id=556"},"modified":"2021-08-25T15:29:29","modified_gmt":"2021-08-25T13:29:29","slug":"our-customers","status":"publish","type":"page","link":"https:\/\/www.lomopress.com\/de\/company\/our-customers\/","title":{"rendered":"Unsere Kunden"},"content":{"rendered":"<p>Wenn ein neuer Kunde die Welt von Lomopress betritt, stellen wir uns immer vor, dass sich unser Team um ein Mitglied erweitert. Jeder neue Kunde bedeutet gemeinsam mehr Kompetenzen zu entwickeln, sich Vorschl\u00e4gen und Gegenvorschl\u00e4gen zu stellen und M\u00f6glichkeiten des Wachstums f\u00fcr uns und f\u00fcr den Markt zu erkunden. Unsere Kunden sch\u00e4tzen die Zuverl\u00e4ssigkeit, die Stabilit\u00e4t und die Pr\u00e4zision von Lomopress beim Management aller Produktionsphasen. Das Verh\u00e4ltnis zu unseren Kunden ist dauerhaft. Es basiert auf Zuh\u00f6ren und auf vollst\u00e4ndiger Zusammenarbeit.<\/p>\n","protected":false},"excerpt":{"rendered":"<p>Wenn ein neuer Kunde die Welt von Lomopress betritt, stellen wir uns immer vor, dass sich unser Team um ein Mitglied erweitert. Jeder neue Kunde bedeutet gemeinsam mehr Kompetenzen zu entwickeln, sich Vorschl\u00e4gen und Gegenvorschl\u00e4gen zu stellen und M\u00f6glichkeiten des Wachstums f\u00fcr uns und f\u00fcr den Markt zu erkunden. Unsere Kunden sch\u00e4tzen die Zuverl\u00e4ssigkeit, die &hellip; <a href=\"https:\/\/www.lomopress.com\/de\/company\/our-customers\/\">Continued<\/a><\/p>\n","protected":false},"author":1,"featured_media":0,"parent":329,"menu_order":0,"comment_status":"closed","ping_status":"closed","template":"template-customers.php","meta":{"_acf_changed":false,"inline_featured_image":false,"footnotes":""},"class_list":["post-556","page","type-page","status-publish","hentry"],"acf":[],"yoast_head":"<!-- This site is optimized with the Yoast SEO plugin v27.4 - https:\/\/yoast.com\/product\/yoast-seo-wordpress\/ -->\n<title>Unsere Kunden | Transparenz und Solidit\u00e4t | Lomopress<\/title>\n<meta name=\"description\" content=\"Die Beziehungen zu unseren Gro\u00dfkunden sind langj\u00e4hrig und basieren auf st\u00e4ndigem Zuh\u00f6ren und Zusammenarbeit.\" \/>\n<meta name=\"robots\" content=\"index, follow, max-snippet:-1, max-image-preview:large, max-video-preview:-1\" \/>\n<link rel=\"canonical\" href=\"https:\/\/www.lomopress.com\/de\/company\/our-customers\/\" \/>\n<meta property=\"og:locale\" content=\"de_DE\" \/>\n<meta property=\"og:type\" content=\"article\" \/>\n<meta property=\"og:title\" content=\"Unsere Kunden | Transparenz und Solidit\u00e4t | Lomopress\" \/>\n<meta property=\"og:description\" content=\"Die Beziehungen zu unseren Gro\u00dfkunden sind langj\u00e4hrig und basieren auf st\u00e4ndigem Zuh\u00f6ren und Zusammenarbeit.\" \/>\n<meta property=\"og:url\" content=\"https:\/\/www.lomopress.com\/de\/company\/our-customers\/\" \/>\n<meta property=\"og:site_name\" content=\"Lomopress DE\" \/>\n<meta property=\"article:modified_time\" content=\"2021-08-25T13:29:29+00:00\" \/>\n<meta name=\"twitter:card\" content=\"summary_large_image\" \/>\n<script type=\"application\/ld+json\" class=\"yoast-schema-graph\">{\"@context\":\"https:\\\/\\\/schema.org\",\"@graph\":[{\"@type\":\"WebPage\",\"@id\":\"https:\\\/\\\/www.lomopress.com\\\/de\\\/company\\\/our-customers\\\/\",\"url\":\"https:\\\/\\\/www.lomopress.com\\\/de\\\/company\\\/our-customers\\\/\",\"name\":\"Unsere Kunden | Transparenz und Solidit\u00e4t | Lomopress\",\"isPartOf\":{\"@id\":\"http:\\\/\\\/www.lomopress.com\\\/de\\\/#website\"},\"datePublished\":\"2021-02-10T10:42:27+00:00\",\"dateModified\":\"2021-08-25T13:29:29+00:00\",\"description\":\"Die Beziehungen zu unseren Gro\u00dfkunden sind langj\u00e4hrig und basieren auf st\u00e4ndigem Zuh\u00f6ren und Zusammenarbeit.\",\"breadcrumb\":{\"@id\":\"https:\\\/\\\/www.lomopress.com\\\/de\\\/company\\\/our-customers\\\/#breadcrumb\"},\"inLanguage\":\"de\",\"potentialAction\":[{\"@type\":\"ReadAction\",\"target\":[\"https:\\\/\\\/www.lomopress.com\\\/de\\\/company\\\/our-customers\\\/\"]}]},{\"@type\":\"BreadcrumbList\",\"@id\":\"https:\\\/\\\/www.lomopress.com\\\/de\\\/company\\\/our-customers\\\/#breadcrumb\",\"itemListElement\":[{\"@type\":\"ListItem\",\"position\":1,\"name\":\"Home\",\"item\":\"https:\\\/\\\/www.lomopress.com\\\/de\\\/\"},{\"@type\":\"ListItem\",\"position\":2,\"name\":\"Company\",\"item\":\"https:\\\/\\\/www.lomopress.com\\\/de\\\/company\\\/\"},{\"@type\":\"ListItem\",\"position\":3,\"name\":\"Unsere Kunden\"}]},{\"@type\":\"WebSite\",\"@id\":\"http:\\\/\\\/www.lomopress.com\\\/de\\\/#website\",\"url\":\"http:\\\/\\\/www.lomopress.com\\\/de\\\/\",\"name\":\"Lomopress DE\",\"description\":\"Un nuovo sito targato WordPress\",\"potentialAction\":[{\"@type\":\"SearchAction\",\"target\":{\"@type\":\"EntryPoint\",\"urlTemplate\":\"http:\\\/\\\/www.lomopress.com\\\/de\\\/?s={search_term_string}\"},\"query-input\":{\"@type\":\"PropertyValueSpecification\",\"valueRequired\":true,\"valueName\":\"search_term_string\"}}],\"inLanguage\":\"de\"}]}<\/script>\n<!-- \/ Yoast SEO plugin. -->","yoast_head_json":{"title":"Unsere Kunden | Transparenz und Solidit\u00e4t | Lomopress","description":"Die Beziehungen zu unseren Gro\u00dfkunden sind langj\u00e4hrig und basieren auf st\u00e4ndigem Zuh\u00f6ren und Zusammenarbeit.","robots":{"index":"index","follow":"follow","max-snippet":"max-snippet:-1","max-image-preview":"max-image-preview:large","max-video-preview":"max-video-preview:-1"},"canonical":"https:\/\/www.lomopress.com\/de\/company\/our-customers\/","og_locale":"de_DE","og_type":"article","og_title":"Unsere Kunden | Transparenz und Solidit\u00e4t | Lomopress","og_description":"Die Beziehungen zu unseren Gro\u00dfkunden sind langj\u00e4hrig und basieren auf st\u00e4ndigem Zuh\u00f6ren und Zusammenarbeit.","og_url":"https:\/\/www.lomopress.com\/de\/company\/our-customers\/","og_site_name":"Lomopress DE","article_modified_time":"2021-08-25T13:29:29+00:00","twitter_card":"summary_large_image","schema":{"@context":"https:\/\/schema.org","@graph":[{"@type":"WebPage","@id":"https:\/\/www.lomopress.com\/de\/company\/our-customers\/","url":"https:\/\/www.lomopress.com\/de\/company\/our-customers\/","name":"Unsere Kunden | Transparenz und Solidit\u00e4t | Lomopress","isPartOf":{"@id":"http:\/\/www.lomopress.com\/de\/#website"},"datePublished":"2021-02-10T10:42:27+00:00","dateModified":"2021-08-25T13:29:29+00:00","description":"Die Beziehungen zu unseren Gro\u00dfkunden sind langj\u00e4hrig und basieren auf st\u00e4ndigem Zuh\u00f6ren und Zusammenarbeit.","breadcrumb":{"@id":"https:\/\/www.lomopress.com\/de\/company\/our-customers\/#breadcrumb"},"inLanguage":"de","potentialAction":[{"@type":"ReadAction","target":["https:\/\/www.lomopress.com\/de\/company\/our-customers\/"]}]},{"@type":"BreadcrumbList","@id":"https:\/\/www.lomopress.com\/de\/company\/our-customers\/#breadcrumb","itemListElement":[{"@type":"ListItem","position":1,"name":"Home","item":"https:\/\/www.lomopress.com\/de\/"},{"@type":"ListItem","position":2,"name":"Company","item":"https:\/\/www.lomopress.com\/de\/company\/"},{"@type":"ListItem","position":3,"name":"Unsere Kunden"}]},{"@type":"WebSite","@id":"http:\/\/www.lomopress.com\/de\/#website","url":"http:\/\/www.lomopress.com\/de\/","name":"Lomopress DE","description":"Un nuovo sito targato WordPress","potentialAction":[{"@type":"SearchAction","target":{"@type":"EntryPoint","urlTemplate":"http:\/\/www.lomopress.com\/de\/?s={search_term_string}"},"query-input":{"@type":"PropertyValueSpecification","valueRequired":true,"valueName":"search_term_string"}}],"inLanguage":"de"}]}},"_links":{"self":[{"href":"https:\/\/www.lomopress.com\/de\/wp-json\/wp\/v2\/pages\/556","targetHints":{"allow":["GET"]}}],"collection":[{"href":"https:\/\/www.lomopress.com\/de\/wp-json\/wp\/v2\/pages"}],"about":[{"href":"https:\/\/www.lomopress.com\/de\/wp-json\/wp\/v2\/types\/page"}],"author":[{"embeddable":true,"href":"https:\/\/www.lomopress.com\/de\/wp-json\/wp\/v2\/users\/1"}],"replies":[{"embeddable":true,"href":"https:\/\/www.lomopress.com\/de\/wp-json\/wp\/v2\/comments?post=556"}],"version-history":[{"count":14,"href":"https:\/\/www.lomopress.com\/de\/wp-json\/wp\/v2\/pages\/556\/revisions"}],"predecessor-version":[{"id":1159,"href":"https:\/\/www.lomopress.com\/de\/wp-json\/wp\/v2\/pages\/556\/revisions\/1159"}],"up":[{"embeddable":true,"href":"https:\/\/www.lomopress.com\/de\/wp-json\/wp\/v2\/pages\/329"}],"wp:attachment":[{"href":"https:\/\/www.lomopress.com\/de\/wp-json\/wp\/v2\/media?parent=556"}],"curies":[{"name":"wp","href":"https:\/\/api.w.org\/{rel}","templated":true}]}}