{"id":571,"date":"2021-02-10T14:11:23","date_gmt":"2021-02-10T13:11:23","guid":{"rendered":"http:\/\/www.lomopress.local\/?page_id=571"},"modified":"2026-03-03T09:05:57","modified_gmt":"2026-03-03T08:05:57","slug":"vision","status":"publish","type":"page","link":"https:\/\/www.lomopress.com\/de\/company\/vision\/","title":{"rendered":"Vision und Mission"},"content":{"rendered":"<p>Bei Lomopress stellen wir uns eine leichtere und umweltfreundlichere Welt vor. Um unsere Vorstellungen Wirklichkeit werden zu lassen, bem\u00fchen wir uns t\u00e4glich:<\/p>\n<p>Wir liefern L\u00f6sungen auf h\u00f6chstem Niveau, indem wir Druckgusskomponenten konstruieren, produzieren und validieren, die den h\u00f6chsten Qualit\u00e4tsstandards entsprechen. Unsere Vertrauensw\u00fcrdigkeit und die Erfahrung aus vielen Jahren garantieren Sicherheit, st\u00e4ndige Weiterentwicklung, Qualit\u00e4t und die Zufriedenheit aller Stakeholder.<\/p>\n","protected":false},"excerpt":{"rendered":"<p>Bei Lomopress stellen wir uns eine leichtere und umweltfreundlichere Welt vor. Um unsere Vorstellungen Wirklichkeit werden zu lassen, bem\u00fchen wir uns t\u00e4glich: Wir liefern L\u00f6sungen auf h\u00f6chstem Niveau, indem wir Druckgusskomponenten konstruieren, produzieren und validieren, die den h\u00f6chsten Qualit\u00e4tsstandards entsprechen. Unsere Vertrauensw\u00fcrdigkeit und die Erfahrung aus vielen Jahren garantieren Sicherheit, st\u00e4ndige Weiterentwicklung, Qualit\u00e4t und die &hellip; <a href=\"https:\/\/www.lomopress.com\/de\/company\/vision\/\">Continued<\/a><\/p>\n","protected":false},"author":1,"featured_media":0,"parent":329,"menu_order":0,"comment_status":"closed","ping_status":"closed","template":"template-vision.php","meta":{"_acf_changed":false,"inline_featured_image":false,"footnotes":""},"class_list":["post-571","page","type-page","status-publish","hentry"],"acf":[],"yoast_head":"<!-- This site is optimized with the Yoast SEO plugin v27.4 - https:\/\/yoast.com\/product\/yoast-seo-wordpress\/ -->\n<title>Vision &amp; Mission | Eine nachhaltige Welt | Lomopress<\/title>\n<meta name=\"description\" content=\"Wir bieten L\u00f6sungen auf hohem Niveau, entwerfen, validieren und produzieren Druckgussteile, die den strengsten Zertifizierungen entsprechen.\" \/>\n<meta name=\"robots\" content=\"index, follow, max-snippet:-1, max-image-preview:large, max-video-preview:-1\" \/>\n<link rel=\"canonical\" href=\"https:\/\/www.lomopress.com\/de\/company\/vision\/\" \/>\n<meta property=\"og:locale\" content=\"de_DE\" \/>\n<meta property=\"og:type\" content=\"article\" \/>\n<meta property=\"og:title\" content=\"Vision &amp; Mission | Eine nachhaltige Welt | Lomopress\" \/>\n<meta property=\"og:description\" content=\"Wir bieten L\u00f6sungen auf hohem Niveau, entwerfen, validieren und produzieren Druckgussteile, die den strengsten Zertifizierungen entsprechen.\" \/>\n<meta property=\"og:url\" content=\"https:\/\/www.lomopress.com\/de\/company\/vision\/\" \/>\n<meta property=\"og:site_name\" content=\"Lomopress DE\" \/>\n<meta property=\"article:modified_time\" content=\"2026-03-03T08:05:57+00:00\" \/>\n<meta name=\"twitter:card\" content=\"summary_large_image\" \/>\n<meta name=\"twitter:label1\" content=\"Gesch\u00e4tzte Lesezeit\" \/>\n\t<meta name=\"twitter:data1\" content=\"1\u00a0Minute\" \/>\n<script type=\"application\/ld+json\" class=\"yoast-schema-graph\">{\"@context\":\"https:\\\/\\\/schema.org\",\"@graph\":[{\"@type\":\"WebPage\",\"@id\":\"https:\\\/\\\/www.lomopress.com\\\/de\\\/company\\\/vision\\\/\",\"url\":\"https:\\\/\\\/www.lomopress.com\\\/de\\\/company\\\/vision\\\/\",\"name\":\"Vision & Mission | Eine nachhaltige Welt | Lomopress\",\"isPartOf\":{\"@id\":\"http:\\\/\\\/www.lomopress.com\\\/de\\\/#website\"},\"datePublished\":\"2021-02-10T13:11:23+00:00\",\"dateModified\":\"2026-03-03T08:05:57+00:00\",\"description\":\"Wir bieten L\u00f6sungen auf hohem Niveau, entwerfen, validieren und produzieren Druckgussteile, die den strengsten Zertifizierungen entsprechen.\",\"breadcrumb\":{\"@id\":\"https:\\\/\\\/www.lomopress.com\\\/de\\\/company\\\/vision\\\/#breadcrumb\"},\"inLanguage\":\"de\",\"potentialAction\":[{\"@type\":\"ReadAction\",\"target\":[\"https:\\\/\\\/www.lomopress.com\\\/de\\\/company\\\/vision\\\/\"]}]},{\"@type\":\"BreadcrumbList\",\"@id\":\"https:\\\/\\\/www.lomopress.com\\\/de\\\/company\\\/vision\\\/#breadcrumb\",\"itemListElement\":[{\"@type\":\"ListItem\",\"position\":1,\"name\":\"Home\",\"item\":\"https:\\\/\\\/www.lomopress.com\\\/de\\\/\"},{\"@type\":\"ListItem\",\"position\":2,\"name\":\"Company\",\"item\":\"https:\\\/\\\/www.lomopress.com\\\/de\\\/company\\\/\"},{\"@type\":\"ListItem\",\"position\":3,\"name\":\"Vision und Mission\"}]},{\"@type\":\"WebSite\",\"@id\":\"http:\\\/\\\/www.lomopress.com\\\/de\\\/#website\",\"url\":\"http:\\\/\\\/www.lomopress.com\\\/de\\\/\",\"name\":\"Lomopress DE\",\"description\":\"Un nuovo sito targato WordPress\",\"potentialAction\":[{\"@type\":\"SearchAction\",\"target\":{\"@type\":\"EntryPoint\",\"urlTemplate\":\"http:\\\/\\\/www.lomopress.com\\\/de\\\/?s={search_term_string}\"},\"query-input\":{\"@type\":\"PropertyValueSpecification\",\"valueRequired\":true,\"valueName\":\"search_term_string\"}}],\"inLanguage\":\"de\"}]}<\/script>\n<!-- \/ Yoast SEO plugin. -->","yoast_head_json":{"title":"Vision & Mission | Eine nachhaltige Welt | Lomopress","description":"Wir bieten L\u00f6sungen auf hohem Niveau, entwerfen, validieren und produzieren Druckgussteile, die den strengsten Zertifizierungen entsprechen.","robots":{"index":"index","follow":"follow","max-snippet":"max-snippet:-1","max-image-preview":"max-image-preview:large","max-video-preview":"max-video-preview:-1"},"canonical":"https:\/\/www.lomopress.com\/de\/company\/vision\/","og_locale":"de_DE","og_type":"article","og_title":"Vision & Mission | Eine nachhaltige Welt | Lomopress","og_description":"Wir bieten L\u00f6sungen auf hohem Niveau, entwerfen, validieren und produzieren Druckgussteile, die den strengsten Zertifizierungen entsprechen.","og_url":"https:\/\/www.lomopress.com\/de\/company\/vision\/","og_site_name":"Lomopress DE","article_modified_time":"2026-03-03T08:05:57+00:00","twitter_card":"summary_large_image","twitter_misc":{"Gesch\u00e4tzte Lesezeit":"1\u00a0Minute"},"schema":{"@context":"https:\/\/schema.org","@graph":[{"@type":"WebPage","@id":"https:\/\/www.lomopress.com\/de\/company\/vision\/","url":"https:\/\/www.lomopress.com\/de\/company\/vision\/","name":"Vision & Mission | Eine nachhaltige Welt | Lomopress","isPartOf":{"@id":"http:\/\/www.lomopress.com\/de\/#website"},"datePublished":"2021-02-10T13:11:23+00:00","dateModified":"2026-03-03T08:05:57+00:00","description":"Wir bieten L\u00f6sungen auf hohem Niveau, entwerfen, validieren und produzieren Druckgussteile, die den strengsten Zertifizierungen entsprechen.","breadcrumb":{"@id":"https:\/\/www.lomopress.com\/de\/company\/vision\/#breadcrumb"},"inLanguage":"de","potentialAction":[{"@type":"ReadAction","target":["https:\/\/www.lomopress.com\/de\/company\/vision\/"]}]},{"@type":"BreadcrumbList","@id":"https:\/\/www.lomopress.com\/de\/company\/vision\/#breadcrumb","itemListElement":[{"@type":"ListItem","position":1,"name":"Home","item":"https:\/\/www.lomopress.com\/de\/"},{"@type":"ListItem","position":2,"name":"Company","item":"https:\/\/www.lomopress.com\/de\/company\/"},{"@type":"ListItem","position":3,"name":"Vision und Mission"}]},{"@type":"WebSite","@id":"http:\/\/www.lomopress.com\/de\/#website","url":"http:\/\/www.lomopress.com\/de\/","name":"Lomopress DE","description":"Un nuovo sito targato WordPress","potentialAction":[{"@type":"SearchAction","target":{"@type":"EntryPoint","urlTemplate":"http:\/\/www.lomopress.com\/de\/?s={search_term_string}"},"query-input":{"@type":"PropertyValueSpecification","valueRequired":true,"valueName":"search_term_string"}}],"inLanguage":"de"}]}},"_links":{"self":[{"href":"https:\/\/www.lomopress.com\/de\/wp-json\/wp\/v2\/pages\/571","targetHints":{"allow":["GET"]}}],"collection":[{"href":"https:\/\/www.lomopress.com\/de\/wp-json\/wp\/v2\/pages"}],"about":[{"href":"https:\/\/www.lomopress.com\/de\/wp-json\/wp\/v2\/types\/page"}],"author":[{"embeddable":true,"href":"https:\/\/www.lomopress.com\/de\/wp-json\/wp\/v2\/users\/1"}],"replies":[{"embeddable":true,"href":"https:\/\/www.lomopress.com\/de\/wp-json\/wp\/v2\/comments?post=571"}],"version-history":[{"count":23,"href":"https:\/\/www.lomopress.com\/de\/wp-json\/wp\/v2\/pages\/571\/revisions"}],"predecessor-version":[{"id":1405,"href":"https:\/\/www.lomopress.com\/de\/wp-json\/wp\/v2\/pages\/571\/revisions\/1405"}],"up":[{"embeddable":true,"href":"https:\/\/www.lomopress.com\/de\/wp-json\/wp\/v2\/pages\/329"}],"wp:attachment":[{"href":"https:\/\/www.lomopress.com\/de\/wp-json\/wp\/v2\/media?parent=571"}],"curies":[{"name":"wp","href":"https:\/\/api.w.org\/{rel}","templated":true}]}}