{"id":582,"date":"2021-02-10T14:48:01","date_gmt":"2021-02-10T13:48:01","guid":{"rendered":"http:\/\/www.lomopress.local\/?page_id=582"},"modified":"2025-12-10T16:34:26","modified_gmt":"2025-12-10T15:34:26","slug":"certificates","status":"publish","type":"page","link":"https:\/\/www.lomopress.com\/de\/company\/certificates\/","title":{"rendered":"Zertifikate"},"content":{"rendered":"<p>Lomopress h\u00e4lt alle wichtigen Zertifizierungen, um unseren Kunden und unserem Team die Garantie f\u00fcr ein Maximum an Qualit\u00e4t und Sicherheit zu geben. Hinter jeder Zertifizierung steht unsere Verantwortung f\u00fcr eine optimierte Produktion, um die geforderten Qualit\u00e4tsstandards zu erfuellen. Ein Kunde, der einen zertifizierten technischen Partner wie Lomopress sucht, findet deshalb die volle Vertrauensw\u00fcrdigkeit und Solidit\u00e4t, die er ben\u00f6tigt.<\/p>\n","protected":false},"excerpt":{"rendered":"<p>Lomopress h\u00e4lt alle wichtigen Zertifizierungen, um unseren Kunden und unserem Team die Garantie f\u00fcr ein Maximum an Qualit\u00e4t und Sicherheit zu geben. Hinter jeder Zertifizierung steht unsere Verantwortung f\u00fcr eine optimierte Produktion, um die geforderten Qualit\u00e4tsstandards zu erfuellen. Ein Kunde, der einen zertifizierten technischen Partner wie Lomopress sucht, findet deshalb die volle Vertrauensw\u00fcrdigkeit und Solidit\u00e4t, &hellip; <a href=\"https:\/\/www.lomopress.com\/de\/company\/certificates\/\">Continued<\/a><\/p>\n","protected":false},"author":1,"featured_media":0,"parent":329,"menu_order":0,"comment_status":"closed","ping_status":"closed","template":"template-vision.php","meta":{"_acf_changed":false,"inline_featured_image":false,"footnotes":""},"class_list":["post-582","page","type-page","status-publish","hentry"],"acf":[],"yoast_head":"<!-- This site is optimized with the Yoast SEO plugin v27.4 - https:\/\/yoast.com\/product\/yoast-seo-wordpress\/ -->\n<title>Zertifikate | Qualit\u00e4t und Sicherheit | Lomopress<\/title>\n<meta name=\"description\" content=\"Bei Lomopress sind wichtige Zertifizierungen ein Akt der Verantwortung, um die h\u00f6chste Qualit\u00e4t und Sicherheit zu gew\u00e4hrleisten.\" \/>\n<meta name=\"robots\" content=\"index, follow, max-snippet:-1, max-image-preview:large, max-video-preview:-1\" \/>\n<link rel=\"canonical\" href=\"https:\/\/www.lomopress.com\/de\/company\/certificates\/\" \/>\n<meta property=\"og:locale\" content=\"de_DE\" \/>\n<meta property=\"og:type\" content=\"article\" \/>\n<meta property=\"og:title\" content=\"Zertifikate | Qualit\u00e4t und Sicherheit | Lomopress\" \/>\n<meta property=\"og:description\" content=\"Bei Lomopress sind wichtige Zertifizierungen ein Akt der Verantwortung, um die h\u00f6chste Qualit\u00e4t und Sicherheit zu gew\u00e4hrleisten.\" \/>\n<meta property=\"og:url\" content=\"https:\/\/www.lomopress.com\/de\/company\/certificates\/\" \/>\n<meta property=\"og:site_name\" content=\"Lomopress DE\" \/>\n<meta property=\"article:modified_time\" content=\"2025-12-10T15:34:26+00:00\" \/>\n<meta name=\"twitter:card\" content=\"summary_large_image\" \/>\n<meta name=\"twitter:label1\" content=\"Gesch\u00e4tzte Lesezeit\" \/>\n\t<meta name=\"twitter:data1\" content=\"1\u00a0Minute\" \/>\n<script type=\"application\/ld+json\" class=\"yoast-schema-graph\">{\"@context\":\"https:\\\/\\\/schema.org\",\"@graph\":[{\"@type\":\"WebPage\",\"@id\":\"https:\\\/\\\/www.lomopress.com\\\/de\\\/company\\\/certificates\\\/\",\"url\":\"https:\\\/\\\/www.lomopress.com\\\/de\\\/company\\\/certificates\\\/\",\"name\":\"Zertifikate | Qualit\u00e4t und Sicherheit | Lomopress\",\"isPartOf\":{\"@id\":\"http:\\\/\\\/www.lomopress.com\\\/de\\\/#website\"},\"datePublished\":\"2021-02-10T13:48:01+00:00\",\"dateModified\":\"2025-12-10T15:34:26+00:00\",\"description\":\"Bei Lomopress sind wichtige Zertifizierungen ein Akt der Verantwortung, um die h\u00f6chste Qualit\u00e4t und Sicherheit zu gew\u00e4hrleisten.\",\"breadcrumb\":{\"@id\":\"https:\\\/\\\/www.lomopress.com\\\/de\\\/company\\\/certificates\\\/#breadcrumb\"},\"inLanguage\":\"de\",\"potentialAction\":[{\"@type\":\"ReadAction\",\"target\":[\"https:\\\/\\\/www.lomopress.com\\\/de\\\/company\\\/certificates\\\/\"]}]},{\"@type\":\"BreadcrumbList\",\"@id\":\"https:\\\/\\\/www.lomopress.com\\\/de\\\/company\\\/certificates\\\/#breadcrumb\",\"itemListElement\":[{\"@type\":\"ListItem\",\"position\":1,\"name\":\"Home\",\"item\":\"https:\\\/\\\/www.lomopress.com\\\/de\\\/\"},{\"@type\":\"ListItem\",\"position\":2,\"name\":\"Company\",\"item\":\"https:\\\/\\\/www.lomopress.com\\\/de\\\/company\\\/\"},{\"@type\":\"ListItem\",\"position\":3,\"name\":\"Zertifikate\"}]},{\"@type\":\"WebSite\",\"@id\":\"http:\\\/\\\/www.lomopress.com\\\/de\\\/#website\",\"url\":\"http:\\\/\\\/www.lomopress.com\\\/de\\\/\",\"name\":\"Lomopress DE\",\"description\":\"Un nuovo sito targato WordPress\",\"potentialAction\":[{\"@type\":\"SearchAction\",\"target\":{\"@type\":\"EntryPoint\",\"urlTemplate\":\"http:\\\/\\\/www.lomopress.com\\\/de\\\/?s={search_term_string}\"},\"query-input\":{\"@type\":\"PropertyValueSpecification\",\"valueRequired\":true,\"valueName\":\"search_term_string\"}}],\"inLanguage\":\"de\"}]}<\/script>\n<!-- \/ Yoast SEO plugin. -->","yoast_head_json":{"title":"Zertifikate | Qualit\u00e4t und Sicherheit | Lomopress","description":"Bei Lomopress sind wichtige Zertifizierungen ein Akt der Verantwortung, um die h\u00f6chste Qualit\u00e4t und Sicherheit zu gew\u00e4hrleisten.","robots":{"index":"index","follow":"follow","max-snippet":"max-snippet:-1","max-image-preview":"max-image-preview:large","max-video-preview":"max-video-preview:-1"},"canonical":"https:\/\/www.lomopress.com\/de\/company\/certificates\/","og_locale":"de_DE","og_type":"article","og_title":"Zertifikate | Qualit\u00e4t und Sicherheit | Lomopress","og_description":"Bei Lomopress sind wichtige Zertifizierungen ein Akt der Verantwortung, um die h\u00f6chste Qualit\u00e4t und Sicherheit zu gew\u00e4hrleisten.","og_url":"https:\/\/www.lomopress.com\/de\/company\/certificates\/","og_site_name":"Lomopress DE","article_modified_time":"2025-12-10T15:34:26+00:00","twitter_card":"summary_large_image","twitter_misc":{"Gesch\u00e4tzte Lesezeit":"1\u00a0Minute"},"schema":{"@context":"https:\/\/schema.org","@graph":[{"@type":"WebPage","@id":"https:\/\/www.lomopress.com\/de\/company\/certificates\/","url":"https:\/\/www.lomopress.com\/de\/company\/certificates\/","name":"Zertifikate | Qualit\u00e4t und Sicherheit | Lomopress","isPartOf":{"@id":"http:\/\/www.lomopress.com\/de\/#website"},"datePublished":"2021-02-10T13:48:01+00:00","dateModified":"2025-12-10T15:34:26+00:00","description":"Bei Lomopress sind wichtige Zertifizierungen ein Akt der Verantwortung, um die h\u00f6chste Qualit\u00e4t und Sicherheit zu gew\u00e4hrleisten.","breadcrumb":{"@id":"https:\/\/www.lomopress.com\/de\/company\/certificates\/#breadcrumb"},"inLanguage":"de","potentialAction":[{"@type":"ReadAction","target":["https:\/\/www.lomopress.com\/de\/company\/certificates\/"]}]},{"@type":"BreadcrumbList","@id":"https:\/\/www.lomopress.com\/de\/company\/certificates\/#breadcrumb","itemListElement":[{"@type":"ListItem","position":1,"name":"Home","item":"https:\/\/www.lomopress.com\/de\/"},{"@type":"ListItem","position":2,"name":"Company","item":"https:\/\/www.lomopress.com\/de\/company\/"},{"@type":"ListItem","position":3,"name":"Zertifikate"}]},{"@type":"WebSite","@id":"http:\/\/www.lomopress.com\/de\/#website","url":"http:\/\/www.lomopress.com\/de\/","name":"Lomopress DE","description":"Un nuovo sito targato WordPress","potentialAction":[{"@type":"SearchAction","target":{"@type":"EntryPoint","urlTemplate":"http:\/\/www.lomopress.com\/de\/?s={search_term_string}"},"query-input":{"@type":"PropertyValueSpecification","valueRequired":true,"valueName":"search_term_string"}}],"inLanguage":"de"}]}},"_links":{"self":[{"href":"https:\/\/www.lomopress.com\/de\/wp-json\/wp\/v2\/pages\/582","targetHints":{"allow":["GET"]}}],"collection":[{"href":"https:\/\/www.lomopress.com\/de\/wp-json\/wp\/v2\/pages"}],"about":[{"href":"https:\/\/www.lomopress.com\/de\/wp-json\/wp\/v2\/types\/page"}],"author":[{"embeddable":true,"href":"https:\/\/www.lomopress.com\/de\/wp-json\/wp\/v2\/users\/1"}],"replies":[{"embeddable":true,"href":"https:\/\/www.lomopress.com\/de\/wp-json\/wp\/v2\/comments?post=582"}],"version-history":[{"count":18,"href":"https:\/\/www.lomopress.com\/de\/wp-json\/wp\/v2\/pages\/582\/revisions"}],"predecessor-version":[{"id":1343,"href":"https:\/\/www.lomopress.com\/de\/wp-json\/wp\/v2\/pages\/582\/revisions\/1343"}],"up":[{"embeddable":true,"href":"https:\/\/www.lomopress.com\/de\/wp-json\/wp\/v2\/pages\/329"}],"wp:attachment":[{"href":"https:\/\/www.lomopress.com\/de\/wp-json\/wp\/v2\/media?parent=582"}],"curies":[{"name":"wp","href":"https:\/\/api.w.org\/{rel}","templated":true}]}}