{"id":586,"date":"2021-02-10T16:13:53","date_gmt":"2021-02-10T15:13:53","guid":{"rendered":"http:\/\/www.lomopress.local\/?page_id=586"},"modified":"2021-08-25T15:03:12","modified_gmt":"2021-08-25T13:03:12","slug":"locations","status":"publish","type":"page","link":"https:\/\/www.lomopress.com\/de\/company\/locations\/","title":{"rendered":"Unsere Werke"},"content":{"rendered":"<p>Vier Produktionsstandorte, eine Aufgabe: Lomopress hat vier Standorte in der Provinz Brescia. Am Hauptstandort in Monticelli Brusati entwickeln, konstruieren und bauen wir Werkzeuge f\u00fcr den Druckguss. Au\u00dferdem befindet sich hier die messtechnische Abteilung, die mit Instrumenten auf h\u00f6chstem Niveau ausgestattet ist (GOM-Messtechnik, Tomographie, Zeiss-Messtechnik), die den geforderten qualitativen Vorgaben entsprechen. Monticelli und Gussago betreiben 20 Druckgusspressen mit einer Formschlie\u00dfkraft von 200 bis 300 Tonnen. In den zwei Niederlassungen in Villa Carcina stehen 25 CNC-Maschinen, die den Produktionszyklus durch mechanische Bearbeitung, Oberfl\u00e4chenfinish (Gleitschleifen, Sandstrahlen, Entgraten, Reinigung), Dichtigkeitspr\u00fcfungen und andere Arbeiten abrunden. Die innovative Struktur der Firma erlaubt eine vertikale Integration zwischen den komplett verbundenen Werken entsprechend Industry 4.0. Die \u00f6rtliche Trennung der verschiedenen Produktionsstandorte entspricht den Anforderungen der Business Continuity, falls ein Katastrophenfall eintreten sollte und damit das Risiko einer pl\u00f6tzlichen Produktionsunterbrechung. So k\u00f6nnen wir unseren Kunden eine ununterbrochene Fertigung garantieren.<\/p>\n","protected":false},"excerpt":{"rendered":"<p>Vier Produktionsstandorte, eine Aufgabe: Lomopress hat vier Standorte in der Provinz Brescia. Am Hauptstandort in Monticelli Brusati entwickeln, konstruieren und bauen wir Werkzeuge f\u00fcr den Druckguss. Au\u00dferdem befindet sich hier die messtechnische Abteilung, die mit Instrumenten auf h\u00f6chstem Niveau ausgestattet ist (GOM-Messtechnik, Tomographie, Zeiss-Messtechnik), die den geforderten qualitativen Vorgaben entsprechen. Monticelli und Gussago betreiben 20 &hellip; <a href=\"https:\/\/www.lomopress.com\/de\/company\/locations\/\">Continued<\/a><\/p>\n","protected":false},"author":1,"featured_media":0,"parent":329,"menu_order":0,"comment_status":"closed","ping_status":"closed","template":"template-location.php","meta":{"_acf_changed":false,"inline_featured_image":false,"footnotes":""},"class_list":["post-586","page","type-page","status-publish","hentry"],"acf":[],"yoast_head":"<!-- This site is optimized with the Yoast SEO plugin v27.4 - https:\/\/yoast.com\/product\/yoast-seo-wordpress\/ -->\n<title>Standorte | Vier Produktionsstandorte, ein Ziel | Lomopress<\/title>\n<meta name=\"description\" content=\"Die geografische Lage der verschiedenen Produktionsst\u00e4tten entspricht der Notwendigkeit, die Gesch\u00e4ftskontinuit\u00e4t zu gew\u00e4hrleisten.\" \/>\n<meta name=\"robots\" content=\"index, follow, max-snippet:-1, max-image-preview:large, max-video-preview:-1\" \/>\n<link rel=\"canonical\" href=\"https:\/\/www.lomopress.com\/de\/company\/locations\/\" \/>\n<meta property=\"og:locale\" content=\"de_DE\" \/>\n<meta property=\"og:type\" content=\"article\" \/>\n<meta property=\"og:title\" content=\"Standorte | Vier Produktionsstandorte, ein Ziel | Lomopress\" \/>\n<meta property=\"og:description\" content=\"Die geografische Lage der verschiedenen Produktionsst\u00e4tten entspricht der Notwendigkeit, die Gesch\u00e4ftskontinuit\u00e4t zu gew\u00e4hrleisten.\" \/>\n<meta property=\"og:url\" content=\"https:\/\/www.lomopress.com\/de\/company\/locations\/\" \/>\n<meta property=\"og:site_name\" content=\"Lomopress DE\" \/>\n<meta property=\"article:modified_time\" content=\"2021-08-25T13:03:12+00:00\" \/>\n<meta name=\"twitter:card\" content=\"summary_large_image\" \/>\n<meta name=\"twitter:label1\" content=\"Gesch\u00e4tzte Lesezeit\" \/>\n\t<meta name=\"twitter:data1\" content=\"1\u00a0Minute\" \/>\n<script type=\"application\/ld+json\" class=\"yoast-schema-graph\">{\"@context\":\"https:\\\/\\\/schema.org\",\"@graph\":[{\"@type\":\"WebPage\",\"@id\":\"https:\\\/\\\/www.lomopress.com\\\/de\\\/company\\\/locations\\\/\",\"url\":\"https:\\\/\\\/www.lomopress.com\\\/de\\\/company\\\/locations\\\/\",\"name\":\"Standorte | Vier Produktionsstandorte, ein Ziel | Lomopress\",\"isPartOf\":{\"@id\":\"http:\\\/\\\/www.lomopress.com\\\/de\\\/#website\"},\"datePublished\":\"2021-02-10T15:13:53+00:00\",\"dateModified\":\"2021-08-25T13:03:12+00:00\",\"description\":\"Die geografische Lage der verschiedenen Produktionsst\u00e4tten entspricht der Notwendigkeit, die Gesch\u00e4ftskontinuit\u00e4t zu gew\u00e4hrleisten.\",\"breadcrumb\":{\"@id\":\"https:\\\/\\\/www.lomopress.com\\\/de\\\/company\\\/locations\\\/#breadcrumb\"},\"inLanguage\":\"de\",\"potentialAction\":[{\"@type\":\"ReadAction\",\"target\":[\"https:\\\/\\\/www.lomopress.com\\\/de\\\/company\\\/locations\\\/\"]}]},{\"@type\":\"BreadcrumbList\",\"@id\":\"https:\\\/\\\/www.lomopress.com\\\/de\\\/company\\\/locations\\\/#breadcrumb\",\"itemListElement\":[{\"@type\":\"ListItem\",\"position\":1,\"name\":\"Home\",\"item\":\"https:\\\/\\\/www.lomopress.com\\\/de\\\/\"},{\"@type\":\"ListItem\",\"position\":2,\"name\":\"Company\",\"item\":\"https:\\\/\\\/www.lomopress.com\\\/de\\\/company\\\/\"},{\"@type\":\"ListItem\",\"position\":3,\"name\":\"Unsere Werke\"}]},{\"@type\":\"WebSite\",\"@id\":\"http:\\\/\\\/www.lomopress.com\\\/de\\\/#website\",\"url\":\"http:\\\/\\\/www.lomopress.com\\\/de\\\/\",\"name\":\"Lomopress DE\",\"description\":\"Un nuovo sito targato WordPress\",\"potentialAction\":[{\"@type\":\"SearchAction\",\"target\":{\"@type\":\"EntryPoint\",\"urlTemplate\":\"http:\\\/\\\/www.lomopress.com\\\/de\\\/?s={search_term_string}\"},\"query-input\":{\"@type\":\"PropertyValueSpecification\",\"valueRequired\":true,\"valueName\":\"search_term_string\"}}],\"inLanguage\":\"de\"}]}<\/script>\n<!-- \/ Yoast SEO plugin. -->","yoast_head_json":{"title":"Standorte | Vier Produktionsstandorte, ein Ziel | Lomopress","description":"Die geografische Lage der verschiedenen Produktionsst\u00e4tten entspricht der Notwendigkeit, die Gesch\u00e4ftskontinuit\u00e4t zu gew\u00e4hrleisten.","robots":{"index":"index","follow":"follow","max-snippet":"max-snippet:-1","max-image-preview":"max-image-preview:large","max-video-preview":"max-video-preview:-1"},"canonical":"https:\/\/www.lomopress.com\/de\/company\/locations\/","og_locale":"de_DE","og_type":"article","og_title":"Standorte | Vier Produktionsstandorte, ein Ziel | Lomopress","og_description":"Die geografische Lage der verschiedenen Produktionsst\u00e4tten entspricht der Notwendigkeit, die Gesch\u00e4ftskontinuit\u00e4t zu gew\u00e4hrleisten.","og_url":"https:\/\/www.lomopress.com\/de\/company\/locations\/","og_site_name":"Lomopress DE","article_modified_time":"2021-08-25T13:03:12+00:00","twitter_card":"summary_large_image","twitter_misc":{"Gesch\u00e4tzte Lesezeit":"1\u00a0Minute"},"schema":{"@context":"https:\/\/schema.org","@graph":[{"@type":"WebPage","@id":"https:\/\/www.lomopress.com\/de\/company\/locations\/","url":"https:\/\/www.lomopress.com\/de\/company\/locations\/","name":"Standorte | Vier Produktionsstandorte, ein Ziel | Lomopress","isPartOf":{"@id":"http:\/\/www.lomopress.com\/de\/#website"},"datePublished":"2021-02-10T15:13:53+00:00","dateModified":"2021-08-25T13:03:12+00:00","description":"Die geografische Lage der verschiedenen Produktionsst\u00e4tten entspricht der Notwendigkeit, die Gesch\u00e4ftskontinuit\u00e4t zu gew\u00e4hrleisten.","breadcrumb":{"@id":"https:\/\/www.lomopress.com\/de\/company\/locations\/#breadcrumb"},"inLanguage":"de","potentialAction":[{"@type":"ReadAction","target":["https:\/\/www.lomopress.com\/de\/company\/locations\/"]}]},{"@type":"BreadcrumbList","@id":"https:\/\/www.lomopress.com\/de\/company\/locations\/#breadcrumb","itemListElement":[{"@type":"ListItem","position":1,"name":"Home","item":"https:\/\/www.lomopress.com\/de\/"},{"@type":"ListItem","position":2,"name":"Company","item":"https:\/\/www.lomopress.com\/de\/company\/"},{"@type":"ListItem","position":3,"name":"Unsere Werke"}]},{"@type":"WebSite","@id":"http:\/\/www.lomopress.com\/de\/#website","url":"http:\/\/www.lomopress.com\/de\/","name":"Lomopress DE","description":"Un nuovo sito targato WordPress","potentialAction":[{"@type":"SearchAction","target":{"@type":"EntryPoint","urlTemplate":"http:\/\/www.lomopress.com\/de\/?s={search_term_string}"},"query-input":{"@type":"PropertyValueSpecification","valueRequired":true,"valueName":"search_term_string"}}],"inLanguage":"de"}]}},"_links":{"self":[{"href":"https:\/\/www.lomopress.com\/de\/wp-json\/wp\/v2\/pages\/586","targetHints":{"allow":["GET"]}}],"collection":[{"href":"https:\/\/www.lomopress.com\/de\/wp-json\/wp\/v2\/pages"}],"about":[{"href":"https:\/\/www.lomopress.com\/de\/wp-json\/wp\/v2\/types\/page"}],"author":[{"embeddable":true,"href":"https:\/\/www.lomopress.com\/de\/wp-json\/wp\/v2\/users\/1"}],"replies":[{"embeddable":true,"href":"https:\/\/www.lomopress.com\/de\/wp-json\/wp\/v2\/comments?post=586"}],"version-history":[{"count":13,"href":"https:\/\/www.lomopress.com\/de\/wp-json\/wp\/v2\/pages\/586\/revisions"}],"predecessor-version":[{"id":1155,"href":"https:\/\/www.lomopress.com\/de\/wp-json\/wp\/v2\/pages\/586\/revisions\/1155"}],"up":[{"embeddable":true,"href":"https:\/\/www.lomopress.com\/de\/wp-json\/wp\/v2\/pages\/329"}],"wp:attachment":[{"href":"https:\/\/www.lomopress.com\/de\/wp-json\/wp\/v2\/media?parent=586"}],"curies":[{"name":"wp","href":"https:\/\/api.w.org\/{rel}","templated":true}]}}