{"id":686,"date":"2021-02-16T16:09:59","date_gmt":"2021-02-16T15:09:59","guid":{"rendered":"http:\/\/lomopress.dexanet.biz\/de\/?page_id=686"},"modified":"2021-08-25T15:00:12","modified_gmt":"2021-08-25T13:00:12","slug":"our-values","status":"publish","type":"page","link":"https:\/\/www.lomopress.com\/de\/company\/our-values\/","title":{"rendered":"Unsere Werte"},"content":{"rendered":"<p><strong>Kompetenz, Belastbarkeit und Leidenschaft<\/strong>: diese Werte stehen nicht nur f\u00fcr das Herz und den Antrieb von Lomopress, sondern werden intern von allen Mitarbeitern geteilt, die f\u00fcr uns arbeiten, die Teil des Teams seit 25 Jahren sind, auch wenn sie erst seit kurzem dazu geh\u00f6ren.<\/p>\n<p>Es ist fundamental, dass die Kandidaten diese Werte schnell erkennen und sie zu ihren machen um in einer stimulierenden Umgebung mit Engagement zu arbeiten.<\/p>\n","protected":false},"excerpt":{"rendered":"<p>Kompetenz, Belastbarkeit und Leidenschaft: diese Werte stehen nicht nur f\u00fcr das Herz und den Antrieb von Lomopress, sondern werden intern von allen Mitarbeitern geteilt, die f\u00fcr uns arbeiten, die Teil des Teams seit 25 Jahren sind, auch wenn sie erst seit kurzem dazu geh\u00f6ren. Es ist fundamental, dass die Kandidaten diese Werte schnell erkennen und &hellip; <a href=\"https:\/\/www.lomopress.com\/de\/company\/our-values\/\">Continued<\/a><\/p>\n","protected":false},"author":1,"featured_media":0,"parent":329,"menu_order":0,"comment_status":"closed","ping_status":"closed","template":"template-customers.php","meta":{"_acf_changed":false,"inline_featured_image":false,"footnotes":""},"class_list":["post-686","page","type-page","status-publish","hentry"],"acf":[],"yoast_head":"<!-- This site is optimized with the Yoast SEO plugin v27.4 - https:\/\/yoast.com\/product\/yoast-seo-wordpress\/ -->\n<title>Unsere Werte | Kompetenz, Belastbarkeit und Leidenschaft | Lomopress<\/title>\n<meta name=\"description\" content=\"Bei Lomopress sind Kompetenz, Belastbarkeit und Leidenschaft Werte und das schlagende Herz des Unternehmens.\" \/>\n<meta name=\"robots\" content=\"index, follow, max-snippet:-1, max-image-preview:large, max-video-preview:-1\" \/>\n<link rel=\"canonical\" href=\"https:\/\/www.lomopress.com\/de\/company\/our-values\/\" \/>\n<meta property=\"og:locale\" content=\"de_DE\" \/>\n<meta property=\"og:type\" content=\"article\" \/>\n<meta property=\"og:title\" content=\"Unsere Werte | Kompetenz, Belastbarkeit und Leidenschaft | Lomopress\" \/>\n<meta property=\"og:description\" content=\"Bei Lomopress sind Kompetenz, Belastbarkeit und Leidenschaft Werte und das schlagende Herz des Unternehmens.\" \/>\n<meta property=\"og:url\" content=\"https:\/\/www.lomopress.com\/de\/company\/our-values\/\" \/>\n<meta property=\"og:site_name\" content=\"Lomopress DE\" \/>\n<meta property=\"article:modified_time\" content=\"2021-08-25T13:00:12+00:00\" \/>\n<meta name=\"twitter:card\" content=\"summary_large_image\" \/>\n<script type=\"application\/ld+json\" class=\"yoast-schema-graph\">{\"@context\":\"https:\\\/\\\/schema.org\",\"@graph\":[{\"@type\":\"WebPage\",\"@id\":\"https:\\\/\\\/www.lomopress.com\\\/de\\\/company\\\/our-values\\\/\",\"url\":\"https:\\\/\\\/www.lomopress.com\\\/de\\\/company\\\/our-values\\\/\",\"name\":\"Unsere Werte | Kompetenz, Belastbarkeit und Leidenschaft | Lomopress\",\"isPartOf\":{\"@id\":\"http:\\\/\\\/www.lomopress.com\\\/de\\\/#website\"},\"datePublished\":\"2021-02-16T15:09:59+00:00\",\"dateModified\":\"2021-08-25T13:00:12+00:00\",\"description\":\"Bei Lomopress sind Kompetenz, Belastbarkeit und Leidenschaft Werte und das schlagende Herz des Unternehmens.\",\"breadcrumb\":{\"@id\":\"https:\\\/\\\/www.lomopress.com\\\/de\\\/company\\\/our-values\\\/#breadcrumb\"},\"inLanguage\":\"de\",\"potentialAction\":[{\"@type\":\"ReadAction\",\"target\":[\"https:\\\/\\\/www.lomopress.com\\\/de\\\/company\\\/our-values\\\/\"]}]},{\"@type\":\"BreadcrumbList\",\"@id\":\"https:\\\/\\\/www.lomopress.com\\\/de\\\/company\\\/our-values\\\/#breadcrumb\",\"itemListElement\":[{\"@type\":\"ListItem\",\"position\":1,\"name\":\"Home\",\"item\":\"https:\\\/\\\/www.lomopress.com\\\/de\\\/\"},{\"@type\":\"ListItem\",\"position\":2,\"name\":\"Company\",\"item\":\"https:\\\/\\\/www.lomopress.com\\\/de\\\/company\\\/\"},{\"@type\":\"ListItem\",\"position\":3,\"name\":\"Unsere Werte\"}]},{\"@type\":\"WebSite\",\"@id\":\"http:\\\/\\\/www.lomopress.com\\\/de\\\/#website\",\"url\":\"http:\\\/\\\/www.lomopress.com\\\/de\\\/\",\"name\":\"Lomopress DE\",\"description\":\"Un nuovo sito targato WordPress\",\"potentialAction\":[{\"@type\":\"SearchAction\",\"target\":{\"@type\":\"EntryPoint\",\"urlTemplate\":\"http:\\\/\\\/www.lomopress.com\\\/de\\\/?s={search_term_string}\"},\"query-input\":{\"@type\":\"PropertyValueSpecification\",\"valueRequired\":true,\"valueName\":\"search_term_string\"}}],\"inLanguage\":\"de\"}]}<\/script>\n<!-- \/ Yoast SEO plugin. -->","yoast_head_json":{"title":"Unsere Werte | Kompetenz, Belastbarkeit und Leidenschaft | Lomopress","description":"Bei Lomopress sind Kompetenz, Belastbarkeit und Leidenschaft Werte und das schlagende Herz des Unternehmens.","robots":{"index":"index","follow":"follow","max-snippet":"max-snippet:-1","max-image-preview":"max-image-preview:large","max-video-preview":"max-video-preview:-1"},"canonical":"https:\/\/www.lomopress.com\/de\/company\/our-values\/","og_locale":"de_DE","og_type":"article","og_title":"Unsere Werte | Kompetenz, Belastbarkeit und Leidenschaft | Lomopress","og_description":"Bei Lomopress sind Kompetenz, Belastbarkeit und Leidenschaft Werte und das schlagende Herz des Unternehmens.","og_url":"https:\/\/www.lomopress.com\/de\/company\/our-values\/","og_site_name":"Lomopress DE","article_modified_time":"2021-08-25T13:00:12+00:00","twitter_card":"summary_large_image","schema":{"@context":"https:\/\/schema.org","@graph":[{"@type":"WebPage","@id":"https:\/\/www.lomopress.com\/de\/company\/our-values\/","url":"https:\/\/www.lomopress.com\/de\/company\/our-values\/","name":"Unsere Werte | Kompetenz, Belastbarkeit und Leidenschaft | Lomopress","isPartOf":{"@id":"http:\/\/www.lomopress.com\/de\/#website"},"datePublished":"2021-02-16T15:09:59+00:00","dateModified":"2021-08-25T13:00:12+00:00","description":"Bei Lomopress sind Kompetenz, Belastbarkeit und Leidenschaft Werte und das schlagende Herz des Unternehmens.","breadcrumb":{"@id":"https:\/\/www.lomopress.com\/de\/company\/our-values\/#breadcrumb"},"inLanguage":"de","potentialAction":[{"@type":"ReadAction","target":["https:\/\/www.lomopress.com\/de\/company\/our-values\/"]}]},{"@type":"BreadcrumbList","@id":"https:\/\/www.lomopress.com\/de\/company\/our-values\/#breadcrumb","itemListElement":[{"@type":"ListItem","position":1,"name":"Home","item":"https:\/\/www.lomopress.com\/de\/"},{"@type":"ListItem","position":2,"name":"Company","item":"https:\/\/www.lomopress.com\/de\/company\/"},{"@type":"ListItem","position":3,"name":"Unsere Werte"}]},{"@type":"WebSite","@id":"http:\/\/www.lomopress.com\/de\/#website","url":"http:\/\/www.lomopress.com\/de\/","name":"Lomopress DE","description":"Un nuovo sito targato WordPress","potentialAction":[{"@type":"SearchAction","target":{"@type":"EntryPoint","urlTemplate":"http:\/\/www.lomopress.com\/de\/?s={search_term_string}"},"query-input":{"@type":"PropertyValueSpecification","valueRequired":true,"valueName":"search_term_string"}}],"inLanguage":"de"}]}},"_links":{"self":[{"href":"https:\/\/www.lomopress.com\/de\/wp-json\/wp\/v2\/pages\/686","targetHints":{"allow":["GET"]}}],"collection":[{"href":"https:\/\/www.lomopress.com\/de\/wp-json\/wp\/v2\/pages"}],"about":[{"href":"https:\/\/www.lomopress.com\/de\/wp-json\/wp\/v2\/types\/page"}],"author":[{"embeddable":true,"href":"https:\/\/www.lomopress.com\/de\/wp-json\/wp\/v2\/users\/1"}],"replies":[{"embeddable":true,"href":"https:\/\/www.lomopress.com\/de\/wp-json\/wp\/v2\/comments?post=686"}],"version-history":[{"count":12,"href":"https:\/\/www.lomopress.com\/de\/wp-json\/wp\/v2\/pages\/686\/revisions"}],"predecessor-version":[{"id":1004,"href":"https:\/\/www.lomopress.com\/de\/wp-json\/wp\/v2\/pages\/686\/revisions\/1004"}],"up":[{"embeddable":true,"href":"https:\/\/www.lomopress.com\/de\/wp-json\/wp\/v2\/pages\/329"}],"wp:attachment":[{"href":"https:\/\/www.lomopress.com\/de\/wp-json\/wp\/v2\/media?parent=686"}],"curies":[{"name":"wp","href":"https:\/\/api.w.org\/{rel}","templated":true}]}}